{"id":20,"date":"2017-04-17T11:55:56","date_gmt":"2017-04-17T11:55:56","guid":{"rendered":"http:\/\/eletropadua.com.br\/site\/?page_id=20"},"modified":"2023-01-10T19:39:10","modified_gmt":"2023-01-10T19:39:10","slug":"eletro-padua","status":"publish","type":"page","link":"http:\/\/eletropadua.com.br\/site\/","title":{"rendered":"Sobre"},"content":{"rendered":"<h3><strong>A empresa familiar que comercializa cerca de 15 mil itens se prepara para novos desafios!<\/strong><\/h3>\n<p>No dia 18 de agosto de 1991 com uma portinha vermelha e discreta come\u00e7ava sua trajet\u00f3ria em Mirassol. Para come\u00e7ar aquele projeto acanhado, mas cheio de expectativas o casal Edson e Eunice Padua juntou todas as economias, acertos dos antigos empregos e muita garra para fundar a Eletro Padua.<\/p>\n<p>No primeiro ano de vida foram muitos desafios. A ex-secret\u00e1ria Eunice precisou de muito empenho para aprender os segredos do mundo da el\u00e9trica. &#8220;Sabia muito pouco das polegadas, dos tipos de fios, voltagem\u2026 mas sempre fui muito curiosa e determinada e assim fui aprendendo&#8221;, diz a empres\u00e1ria.<\/p>\n<p>A Eletro Padua no seu primeiro ano de vida tinha apenas tr\u00eas funcion\u00e1rios que faziam de tudo. Da limpeza \u00e0 consultoria, da instala\u00e7\u00e3o \u00e0 montagem e organiza\u00e7\u00e3o. Um ano depois come\u00e7aram as mudan\u00e7as que ajudaram a empresa a construir sua hist\u00f3ria de sucesso. A principal talvez tenha sido a mudan\u00e7a de endere\u00e7o. A chegada na Rua 9 de julho mostrou de um jeito mais efetivo para Mirassol o modo s\u00e9rio e \u00e9tico de fazer neg\u00f3cio da Eletro Padua.<\/p>\n<p>Na regi\u00e3o central da cidade o movimento melhorou muito, mas os desafios continuaram. O pr\u00e9dio era de uma boutique e precisou ser modificado para receber a loja. A confian\u00e7a no projeto fez o casal arriscar tudo o que tinham para comprar o pr\u00e9dio e dar andamento \u00e0s reformas.<\/p>\n<p>Tudo foi constru\u00eddo com o empenho da dupla que, por muito tempo, encarava tr\u00eas turnos de trabalho. Com o trabalho s\u00e9rio as dificuldades foram superadas e hoje a empresa \u00e9 uma das mais respeitadas de Mirassol.<\/p>\n<p>Atualmente, a Eletro Padua trabalha com cerca de 15 mil itens em seu estoque, desde fios e cabos, tomadas, interruptores, ilumina\u00e7\u00e3o do b\u00e1sico ao decorativo, ventiladores, chuveiros. \u201cTemos orgulho de tudo o que constru\u00edmos nesses anos e queremos agradecer muito \u00e0 Mirassol pela confian\u00e7a no nosso trabalho\u201d, finaliza o casal.<\/p>\n<h3><strong>Empresa conectada<\/strong><\/h3>\n<p>Al\u00e9m de investir na loja f\u00edsica a Eletro P\u00e1dua tamb\u00e9m investe nas plataformas digitais. No Facebook e Instagram mostramos projetos, produtos e servi\u00e7os que aproximam a loja do seu p\u00fablico. \u201cNosso objetivo com as redes sociais \u00e9 facilitar a vida das pessoas e otimizar o contato com o cliente\u201d, explica Eunice P\u00e1dua.<\/p>\n<p>Al\u00e9m de contar com atendimento via WhatsApp\u00a0nos n\u00fameros <a href=\"https:\/\/wa.me\/5517997769800\"><strong>(17) 99776-9800<\/strong> <\/a>e <strong><a href=\"https:\/\/wa.me\/5517997527663\">(17) 99752-7663<\/a><\/strong>. Nesses n\u00fameros o cliente pode esclarecer d\u00favidas, receber informa\u00e7\u00f5es de produtos, fazer compras e solicitar entregas. \u201c\u00c0s vezes queimava uma resist\u00eancia do chuveiro e a pessoa precisava vir at\u00e9 a loja com o produto para resolver o problema. Hoje o cliente tira uma foto, manda para nossa equipe e recebe pre\u00e7o e orienta\u00e7\u00e3o de instala\u00e7\u00e3o. Se o cliente quiser podemos at\u00e9 mandar o produto, o que facilita a vida de muita gente\u201d, explica a empres\u00e1ria.<\/p>\n<p><script> (function(i,s,o,g,r,a,m){i['GoogleAnalyticsObject']=r;i[r]=i[r]||function(){ (i[r].q=i[r].q||[]).push(arguments)},i[r].l=1*new Date();a=s.createElement(o), m=s.getElementsByTagName(o)[0];a.async=1;a.src=g;m.parentNode.insertBefore(a,m) })(window,document,'script','\/\/www.google-analytics.com\/analytics.js','ga'); ga('create', 'UA-96818092-1', 'auto'); ga('send', 'pageview'); <\/script><\/p>\n","protected":false},"excerpt":{"rendered":"<p>A empresa familiar que comercializa cerca de 15 mil itens se prepara para novos desafios! No dia 18 de agosto de 1991 com uma portinha vermelha e discreta come\u00e7ava sua trajet\u00f3ria em Mirassol. Para come\u00e7ar aquele projeto acanhado, mas cheio de expectativas o casal Edson e Eunice Padua juntou todas&hellip;<\/p>\n<p class=\"read-more\"><a href=\"http:\/\/eletropadua.com.br\/site\/\">Read More<\/a><\/p>\n","protected":false},"author":1,"featured_media":0,"parent":0,"menu_order":0,"comment_status":"closed","ping_status":"closed","template":"","meta":{"_joinchat":[]},"yoast_head":"<!-- This site is optimized with the Yoast SEO plugin v19.14 - https:\/\/yoast.com\/wordpress\/plugins\/seo\/ -->\n<title>Eletro Padua - A melhor variedade e pre\u00e7o em Materiais El\u00e9tricos voce encontra aqui<\/title>\n<meta name=\"description\" content=\"Com entrega para toda a regi\u00e3o, a Eletro Padua conta com as melhores marcas e pre\u00e7os em Materiais El\u00e9tricos. Venha fazer um or\u00e7amento conosco!\" \/>\n<meta name=\"robots\" content=\"index, follow, max-snippet:-1, max-image-preview:large, max-video-preview:-1\" \/>\n<link rel=\"canonical\" href=\"https:\/\/eletropadua.com.br\/site\/\" \/>\n<meta property=\"og:locale\" content=\"en_US\" \/>\n<meta property=\"og:type\" content=\"article\" \/>\n<meta property=\"og:title\" content=\"Eletro Padua - A melhor variedade e pre\u00e7o em Materiais El\u00e9tricos voce encontra aqui\" \/>\n<meta property=\"og:description\" content=\"Com entrega para toda a regi\u00e3o, a Eletro Padua conta com as melhores marcas e pre\u00e7os em Materiais El\u00e9tricos. Venha fazer um or\u00e7amento conosco!\" \/>\n<meta property=\"og:url\" content=\"https:\/\/eletropadua.com.br\/site\/\" \/>\n<meta property=\"og:site_name\" content=\"Eletro Padua\" \/>\n<meta property=\"article:publisher\" content=\"https:\/\/www.facebook.com\/Eletropaduamirassol\/\" \/>\n<meta property=\"article:modified_time\" content=\"2023-01-10T19:39:10+00:00\" \/>\n<meta name=\"twitter:card\" content=\"summary_large_image\" \/>\n<meta name=\"twitter:label1\" content=\"Est. reading time\" \/>\n\t<meta name=\"twitter:data1\" content=\"3 minutes\" \/>\n<script type=\"application\/ld+json\" class=\"yoast-schema-graph\">{\"@context\":\"https:\/\/schema.org\",\"@graph\":[{\"@type\":\"WebPage\",\"@id\":\"https:\/\/eletropadua.com.br\/site\/\",\"url\":\"https:\/\/eletropadua.com.br\/site\/\",\"name\":\"Eletro Padua - A melhor variedade e pre\u00e7o em Materiais El\u00e9tricos voce encontra aqui\",\"isPartOf\":{\"@id\":\"https:\/\/eletropadua.com.br\/site\/#website\"},\"datePublished\":\"2017-04-17T11:55:56+00:00\",\"dateModified\":\"2023-01-10T19:39:10+00:00\",\"description\":\"Com entrega para toda a regi\u00e3o, a Eletro Padua conta com as melhores marcas e pre\u00e7os em Materiais El\u00e9tricos. Venha fazer um or\u00e7amento conosco!\",\"breadcrumb\":{\"@id\":\"https:\/\/eletropadua.com.br\/site\/#breadcrumb\"},\"inLanguage\":\"en-US\",\"potentialAction\":[{\"@type\":\"ReadAction\",\"target\":[\"https:\/\/eletropadua.com.br\/site\/\"]}]},{\"@type\":\"BreadcrumbList\",\"@id\":\"https:\/\/eletropadua.com.br\/site\/#breadcrumb\",\"itemListElement\":[{\"@type\":\"ListItem\",\"position\":1,\"name\":\"Home\",\"item\":\"https:\/\/eletropadua.com.br\/site\/\"},{\"@type\":\"ListItem\",\"position\":2,\"name\":\"Sobre\"}]},{\"@type\":\"WebSite\",\"@id\":\"https:\/\/eletropadua.com.br\/site\/#website\",\"url\":\"https:\/\/eletropadua.com.br\/site\/\",\"name\":\"Eletro Padua\",\"description\":\"Tudo em materiais el&eacute;tricos\",\"potentialAction\":[{\"@type\":\"SearchAction\",\"target\":{\"@type\":\"EntryPoint\",\"urlTemplate\":\"https:\/\/eletropadua.com.br\/site\/?s={search_term_string}\"},\"query-input\":\"required name=search_term_string\"}],\"inLanguage\":\"en-US\"}]}<\/script>\n<!-- \/ Yoast SEO plugin. -->","yoast_head_json":{"title":"Eletro Padua - A melhor variedade e pre\u00e7o em Materiais El\u00e9tricos voce encontra aqui","description":"Com entrega para toda a regi\u00e3o, a Eletro Padua conta com as melhores marcas e pre\u00e7os em Materiais El\u00e9tricos. Venha fazer um or\u00e7amento conosco!","robots":{"index":"index","follow":"follow","max-snippet":"max-snippet:-1","max-image-preview":"max-image-preview:large","max-video-preview":"max-video-preview:-1"},"canonical":"https:\/\/eletropadua.com.br\/site\/","og_locale":"en_US","og_type":"article","og_title":"Eletro Padua - A melhor variedade e pre\u00e7o em Materiais El\u00e9tricos voce encontra aqui","og_description":"Com entrega para toda a regi\u00e3o, a Eletro Padua conta com as melhores marcas e pre\u00e7os em Materiais El\u00e9tricos. Venha fazer um or\u00e7amento conosco!","og_url":"https:\/\/eletropadua.com.br\/site\/","og_site_name":"Eletro Padua","article_publisher":"https:\/\/www.facebook.com\/Eletropaduamirassol\/","article_modified_time":"2023-01-10T19:39:10+00:00","twitter_card":"summary_large_image","twitter_misc":{"Est. reading time":"3 minutes"},"schema":{"@context":"https:\/\/schema.org","@graph":[{"@type":"WebPage","@id":"https:\/\/eletropadua.com.br\/site\/","url":"https:\/\/eletropadua.com.br\/site\/","name":"Eletro Padua - A melhor variedade e pre\u00e7o em Materiais El\u00e9tricos voce encontra aqui","isPartOf":{"@id":"https:\/\/eletropadua.com.br\/site\/#website"},"datePublished":"2017-04-17T11:55:56+00:00","dateModified":"2023-01-10T19:39:10+00:00","description":"Com entrega para toda a regi\u00e3o, a Eletro Padua conta com as melhores marcas e pre\u00e7os em Materiais El\u00e9tricos. Venha fazer um or\u00e7amento conosco!","breadcrumb":{"@id":"https:\/\/eletropadua.com.br\/site\/#breadcrumb"},"inLanguage":"en-US","potentialAction":[{"@type":"ReadAction","target":["https:\/\/eletropadua.com.br\/site\/"]}]},{"@type":"BreadcrumbList","@id":"https:\/\/eletropadua.com.br\/site\/#breadcrumb","itemListElement":[{"@type":"ListItem","position":1,"name":"Home","item":"https:\/\/eletropadua.com.br\/site\/"},{"@type":"ListItem","position":2,"name":"Sobre"}]},{"@type":"WebSite","@id":"https:\/\/eletropadua.com.br\/site\/#website","url":"https:\/\/eletropadua.com.br\/site\/","name":"Eletro Padua","description":"Tudo em materiais el&eacute;tricos","potentialAction":[{"@type":"SearchAction","target":{"@type":"EntryPoint","urlTemplate":"https:\/\/eletropadua.com.br\/site\/?s={search_term_string}"},"query-input":"required name=search_term_string"}],"inLanguage":"en-US"}]}},"_links":{"self":[{"href":"http:\/\/eletropadua.com.br\/site\/index.php?rest_route=\/wp\/v2\/pages\/20"}],"collection":[{"href":"http:\/\/eletropadua.com.br\/site\/index.php?rest_route=\/wp\/v2\/pages"}],"about":[{"href":"http:\/\/eletropadua.com.br\/site\/index.php?rest_route=\/wp\/v2\/types\/page"}],"author":[{"embeddable":true,"href":"http:\/\/eletropadua.com.br\/site\/index.php?rest_route=\/wp\/v2\/users\/1"}],"replies":[{"embeddable":true,"href":"http:\/\/eletropadua.com.br\/site\/index.php?rest_route=%2Fwp%2Fv2%2Fcomments&post=20"}],"version-history":[{"count":7,"href":"http:\/\/eletropadua.com.br\/site\/index.php?rest_route=\/wp\/v2\/pages\/20\/revisions"}],"predecessor-version":[{"id":103,"href":"http:\/\/eletropadua.com.br\/site\/index.php?rest_route=\/wp\/v2\/pages\/20\/revisions\/103"}],"wp:attachment":[{"href":"http:\/\/eletropadua.com.br\/site\/index.php?rest_route=%2Fwp%2Fv2%2Fmedia&parent=20"}],"curies":[{"name":"wp","href":"https:\/\/api.w.org\/{rel}","templated":true}]}}